{"id":7040,"date":"2024-11-26T14:17:06","date_gmt":"2024-11-26T13:17:06","guid":{"rendered":"https:\/\/bjorncarlsson.net\/cookiepolicy-eu\/"},"modified":"2024-11-26T14:17:06","modified_gmt":"2024-11-26T13:17:06","slug":"cookiepolicy-eu","status":"publish","type":"page","link":"https:\/\/bjorncarlsson.net\/sv\/cookiepolicy-eu\/","title":{"rendered":"Cookiepolicy (EU)"},"content":{"rendered":"\n<!-- Legal document generated by Complianz | GDPR\/CCPA Cookie Consent https:\/\/wordpress.org\/plugins\/complianz-gdpr -->\n<div id=\"cmplz-document\" class=\"cmplz-document cookie-statement cmplz-document-eu\"><p><i>Denna cookiepolicy uppdaterades senast den november 29, 2024 och g\u00e4ller f\u00f6r medborgare och fast bosatta medborgare i Europeiska ekonomiska samarbetsomr\u00e5det och Schweiz.<\/i><br><\/p><h2>1. Introduktion<\/h2><p>V\u00e5r webbplats, <a href=\"https:\/\/bjorncarlsson.net\/sv\/\">https:\/\/bjorncarlsson.net\/sv\/<\/a> (h\u00e4danefter: &#8221;webbplatsen&#8221;) anv\u00e4nder cookies och andra relaterade teknologier (f\u00f6r bekv\u00e4mlighets skull kallas all teknik f\u00f6r &#8221;cookies&#8221;). Cookies placeras \u00e4ven av tredje part som vi har anlitat. I dokumentet nedan informerar vi dig om anv\u00e4ndningen av cookies p\u00e5 v\u00e5r webbplats.<\/p><h2>2. Vad \u00e4r cookies?<\/h2><p>En cookie \u00e4r en liten enkel fil som skickas tillsammans med sidor p\u00e5 denna webbplats och lagras av din webbl\u00e4sare p\u00e5 h\u00e5rddisken p\u00e5 din dator eller annan enhet. Informationen som lagras d\u00e4ri kan returneras till v\u00e5ra servrar eller till servrarna f\u00f6r relevanta tredje parter under ett efterf\u00f6ljande bes\u00f6k. <\/p><h2>3. Vad \u00e4r skript?<\/h2><p>Ett skript \u00e4r en bit programkod som anv\u00e4nds f\u00f6r att f\u00e5 v\u00e5r webbplats att fungera korrekt och interaktivt. Denna kod k\u00f6rs p\u00e5 v\u00e5r server eller p\u00e5 din enhet. <\/p><h2>4. Vad \u00e4r en web beacon?<\/h2><p>En web beacon (eller pixeltagg) \u00e4r en liten, osynlig bit text eller bild p\u00e5 en webbplats som anv\u00e4nds f\u00f6r att \u00f6vervaka trafik p\u00e5 en webbplats. F\u00f6r att g\u00f6ra detta lagras olika data om dig med hj\u00e4lp av web beacons. <\/p><h2>5. Cookies<\/h2><p class=\"cmplz-subtitle\">5.1 Tekniska eller funktionella cookies<\/p><p>Vissa cookies s\u00e4kerst\u00e4ller att vissa delar av webbplatsen fungerar korrekt och att dina anv\u00e4ndarinst\u00e4llningar f\u00f6rblir k\u00e4nda. Genom att placera funktionella cookies g\u00f6r vi det enklare f\u00f6r dig att bes\u00f6ka v\u00e5r webbplats. P\u00e5 s\u00e5 s\u00e4tt beh\u00f6ver du inte upprepade g\u00e5nger ange samma information n\u00e4r du bes\u00f6ker v\u00e5r webbplats och till exempel finns varorna kvar i din kundvagn tills du har betalat. Vi kan placera dessa cookies utan ditt samtycke.   <\/p><p class=\"cmplz-subtitle\">5.2 Cookies f\u00f6r statistik<\/p><p>Vi anv\u00e4nder cookies f\u00f6r statistik f\u00f6r att optimera webbplatsupplevelsen f\u00f6r v\u00e5ra anv\u00e4ndare. Med dessa cookies f\u00e5r vi insikter i anv\u00e4ndningen av v\u00e5r webbplats.&nbsp;Vi ber dig om till\u00e5telse att placera cookies f\u00f6r statistik.<\/p><p class=\"cmplz-subtitle\">5.3 Marknadsf\u00f6rings-\/sp\u00e5rningscookies<\/p><p>Cookies f\u00f6r marknadsf\u00f6ring\/sp\u00e5rning \u00e4r cookies eller n\u00e5gon annan form av lokal lagring, som anv\u00e4nds f\u00f6r att skapa anv\u00e4ndarprofiler f\u00f6r att visa reklam eller f\u00f6r att sp\u00e5ra anv\u00e4ndaren p\u00e5 denna webbplats eller \u00f6ver flera webbplatser f\u00f6r liknande marknadsf\u00f6rings\u00e4ndam\u00e5l.<\/p><h2>6. Placerade cookies<\/h2><div id=\"cmplz-cookies-overview\"><details class=\"cmplz-dropdown cmplz-service-desc cmplz-dropdown-cookiepolicy \">\n\t<summary class=\"cmplz-service-header\"><div>\n\t\t<h3>WordPress<\/h3>\n\t\t<p>Syfte under utredning<\/p>\n\t\t<label for=\"cmplz_service_wordpress\" class=\"cmplz_consent_per_service_label\"><span class=\"screen-reader-text\">Consent to service wordpress<\/span><\/label>\n\t\t<input type=\"checkbox\" id=\"cmplz_service_wordpress\" class=\"cmplz-accept-service cmplz-hidden\" data-service=\"wordpress\" data-category=\"functional\"><\/div>\n\t<\/summary>\n\t<div class=\"cmplz-service-description\">\n\t\t<h4>Anv\u00e4ndning<\/h4>\n\t\t<p><\/p>\n\t<\/div>\n\t<div class=\"cmplz-sharing-data\">\n\t\t<h4>Delar data<\/h4>\n\t\t<p>Dessa uppgifter delas inte med tredje part.<\/p>\n\t<\/div>\n\t<div class=\"cookies-per-purpose\">\n    <div class=\"purpose\"><h4>Syfte under utredning<\/h4><\/div>\n    <div class=\"name-header\">\n\t<h5>Namn<\/h5>\n<\/div>\n<div class=\"name\"><a target=\"_blank\" rel=\"noopener noreferrer nofollow\" href=\"https:\/\/cookiedatabase.org\/cookie\/unknown-service\/wp-settings-time\/\">wp-settings-time-*<\/a><\/div>\n<div class=\"retention-header\">\n\t<h5>L\u00f6per ut<\/h5>\n<\/div>\n<div class=\"retention\"><\/div>\n<div class=\"function-header\">\n\t<h5>Funktion<\/h5>\n<\/div>\n<div class=\"function\"><\/div>\n<div class=\"name-header\">\n\t<h5>Namn<\/h5>\n<\/div>\n<div class=\"name\"><a target=\"_blank\" rel=\"noopener noreferrer nofollow\" href=\"https:\/\/cookiedatabase.org\/cookie\/unknown-service\/wordpress_logged_in_\/\">wordpress_logged_in_*<\/a><\/div>\n<div class=\"retention-header\">\n\t<h5>L\u00f6per ut<\/h5>\n<\/div>\n<div class=\"retention\"><\/div>\n<div class=\"function-header\">\n\t<h5>Funktion<\/h5>\n<\/div>\n<div class=\"function\"><\/div>\n<div class=\"name-header\">\n\t<h5>Namn<\/h5>\n<\/div>\n<div class=\"name\"><a target=\"_blank\" rel=\"noopener noreferrer nofollow\" href=\"https:\/\/cookiedatabase.org\/cookie\/unknown-service\/wp-settings\/\">wp-settings-*<\/a><\/div>\n<div class=\"retention-header\">\n\t<h5>L\u00f6per ut<\/h5>\n<\/div>\n<div class=\"retention\"><\/div>\n<div class=\"function-header\">\n\t<h5>Funktion<\/h5>\n<\/div>\n<div class=\"function\"><\/div>\n\n<\/div>\n<\/details>\n<details class=\"cmplz-dropdown cmplz-service-desc cmplz-dropdown-cookiepolicy \">\n\t<summary class=\"cmplz-service-header\"><div>\n\t\t<h3>\u00d6vrigt<\/h3>\n\t\t<p>Syfte under utredning<\/p>\n\t\t<label for=\"cmplz_service_\u00d6vrigt\" class=\"cmplz_consent_per_service_label\"><span class=\"screen-reader-text\">Consent to service \u00d6vrigt<\/span><\/label>\n\t\t<input type=\"checkbox\" id=\"cmplz_service_\u00d6vrigt\" class=\"cmplz-accept-service cmplz-hidden\" data-service=\"\u00d6vrigt\" data-category=\"functional\"><\/div>\n\t<\/summary>\n\t<div class=\"cmplz-service-description\">\n\t\t<h4>Anv\u00e4ndning<\/h4>\n\t\t<p><\/p>\n\t<\/div>\n\t<div class=\"cmplz-sharing-data\">\n\t\t<h4>Delar data<\/h4>\n\t\t<p>Delning av data v\u00e4ntar p\u00e5 utredning<\/p>\n\t<\/div>\n\t<div class=\"cookies-per-purpose\">\n    <div class=\"purpose\"><h4>Syfte under utredning<\/h4><\/div>\n    <div class=\"name-header\">\n\t<h5>Namn<\/h5>\n<\/div>\n<div class=\"name\">wpml-available-translators-notice-dismissed<\/div>\n<div class=\"retention-header\">\n\t<h5>L\u00f6per ut<\/h5>\n<\/div>\n<div class=\"retention\"><\/div>\n<div class=\"function-header\">\n\t<h5>Funktion<\/h5>\n<\/div>\n<div class=\"function\"><\/div>\n<div class=\"name-header\">\n\t<h5>Namn<\/h5>\n<\/div>\n<div class=\"name\">ate-maiya-info_30623730-3632-5938-a434-356134353465<\/div>\n<div class=\"retention-header\">\n\t<h5>L\u00f6per ut<\/h5>\n<\/div>\n<div class=\"retention\"><\/div>\n<div class=\"function-header\">\n\t<h5>Funktion<\/h5>\n<\/div>\n<div class=\"function\"><\/div>\n<div class=\"name-header\">\n\t<h5>Namn<\/h5>\n<\/div>\n<div class=\"name\">cmplz_user_data<\/div>\n<div class=\"retention-header\">\n\t<h5>L\u00f6per ut<\/h5>\n<\/div>\n<div class=\"retention\">365 dagar<\/div>\n<div class=\"function-header\">\n\t<h5>Funktion<\/h5>\n<\/div>\n<div class=\"function\"><\/div>\n<div class=\"name-header\">\n\t<h5>Namn<\/h5>\n<\/div>\n<div class=\"name\">cmplz_consented_services<\/div>\n<div class=\"retention-header\">\n\t<h5>L\u00f6per ut<\/h5>\n<\/div>\n<div class=\"retention\">365 dagar<\/div>\n<div class=\"function-header\">\n\t<h5>Funktion<\/h5>\n<\/div>\n<div class=\"function\"><\/div>\n<div class=\"name-header\">\n\t<h5>Namn<\/h5>\n<\/div>\n<div class=\"name\">cmplz_policy_id<\/div>\n<div class=\"retention-header\">\n\t<h5>L\u00f6per ut<\/h5>\n<\/div>\n<div class=\"retention\">365 dagar<\/div>\n<div class=\"function-header\">\n\t<h5>Funktion<\/h5>\n<\/div>\n<div class=\"function\"><\/div>\n<div class=\"name-header\">\n\t<h5>Namn<\/h5>\n<\/div>\n<div class=\"name\">cmplz_marketing<\/div>\n<div class=\"retention-header\">\n\t<h5>L\u00f6per ut<\/h5>\n<\/div>\n<div class=\"retention\">365 dagar<\/div>\n<div class=\"function-header\">\n\t<h5>Funktion<\/h5>\n<\/div>\n<div class=\"function\"><\/div>\n<div class=\"name-header\">\n\t<h5>Namn<\/h5>\n<\/div>\n<div class=\"name\">cmplz_statistics<\/div>\n<div class=\"retention-header\">\n\t<h5>L\u00f6per ut<\/h5>\n<\/div>\n<div class=\"retention\">365 dagar<\/div>\n<div class=\"function-header\">\n\t<h5>Funktion<\/h5>\n<\/div>\n<div class=\"function\"><\/div>\n<div class=\"name-header\">\n\t<h5>Namn<\/h5>\n<\/div>\n<div class=\"name\">cmplz_preferences<\/div>\n<div class=\"retention-header\">\n\t<h5>L\u00f6per ut<\/h5>\n<\/div>\n<div class=\"retention\">365 dagar<\/div>\n<div class=\"function-header\">\n\t<h5>Funktion<\/h5>\n<\/div>\n<div class=\"function\"><\/div>\n<div class=\"name-header\">\n\t<h5>Namn<\/h5>\n<\/div>\n<div class=\"name\">cmplz_functional<\/div>\n<div class=\"retention-header\">\n\t<h5>L\u00f6per ut<\/h5>\n<\/div>\n<div class=\"retention\">365 dagar<\/div>\n<div class=\"function-header\">\n\t<h5>Funktion<\/h5>\n<\/div>\n<div class=\"function\"><\/div>\n<div class=\"name-header\">\n\t<h5>Namn<\/h5>\n<\/div>\n<div class=\"name\">cmplz_banner-status<\/div>\n<div class=\"retention-header\">\n\t<h5>L\u00f6per ut<\/h5>\n<\/div>\n<div class=\"retention\">365 dagar<\/div>\n<div class=\"function-header\">\n\t<h5>Funktion<\/h5>\n<\/div>\n<div class=\"function\"><\/div>\n<div class=\"name-header\">\n\t<h5>Namn<\/h5>\n<\/div>\n<div class=\"name\">__stripe_mid<\/div>\n<div class=\"retention-header\">\n\t<h5>L\u00f6per ut<\/h5>\n<\/div>\n<div class=\"retention\"><\/div>\n<div class=\"function-header\">\n\t<h5>Funktion<\/h5>\n<\/div>\n<div class=\"function\"><\/div>\n<div class=\"name-header\">\n\t<h5>Namn<\/h5>\n<\/div>\n<div class=\"name\">wp-wpml_current_admin_language_d41d8cd98f00b204e9800998ecf8427e<\/div>\n<div class=\"retention-header\">\n\t<h5>L\u00f6per ut<\/h5>\n<\/div>\n<div class=\"retention\"><\/div>\n<div class=\"function-header\">\n\t<h5>Funktion<\/h5>\n<\/div>\n<div class=\"function\"><\/div>\n<div class=\"name-header\">\n\t<h5>Namn<\/h5>\n<\/div>\n<div class=\"name\">PHPSESSID<\/div>\n<div class=\"retention-header\">\n\t<h5>L\u00f6per ut<\/h5>\n<\/div>\n<div class=\"retention\"><\/div>\n<div class=\"function-header\">\n\t<h5>Funktion<\/h5>\n<\/div>\n<div class=\"function\"><\/div>\n<div class=\"name-header\">\n\t<h5>Namn<\/h5>\n<\/div>\n<div class=\"name\">wp-wpml_current_language<\/div>\n<div class=\"retention-header\">\n\t<h5>L\u00f6per ut<\/h5>\n<\/div>\n<div class=\"retention\"><\/div>\n<div class=\"function-header\">\n\t<h5>Funktion<\/h5>\n<\/div>\n<div class=\"function\"><\/div>\n<div class=\"name-header\">\n\t<h5>Namn<\/h5>\n<\/div>\n<div class=\"name\">ate-maiya-info<\/div>\n<div class=\"retention-header\">\n\t<h5>L\u00f6per ut<\/h5>\n<\/div>\n<div class=\"retention\"><\/div>\n<div class=\"function-header\">\n\t<h5>Funktion<\/h5>\n<\/div>\n<div class=\"function\"><\/div>\n<div class=\"name-header\">\n\t<h5>Namn<\/h5>\n<\/div>\n<div class=\"name\">getUtilizedTime_ditp_countdown_timer_0<\/div>\n<div class=\"retention-header\">\n\t<h5>L\u00f6per ut<\/h5>\n<\/div>\n<div class=\"retention\"><\/div>\n<div class=\"function-header\">\n\t<h5>Funktion<\/h5>\n<\/div>\n<div class=\"function\"><\/div>\n<div class=\"name-header\">\n\t<h5>Namn<\/h5>\n<\/div>\n<div class=\"name\">etfb-autosave-1<\/div>\n<div class=\"retention-header\">\n\t<h5>L\u00f6per ut<\/h5>\n<\/div>\n<div class=\"retention\"><\/div>\n<div class=\"function-header\">\n\t<h5>Funktion<\/h5>\n<\/div>\n<div class=\"function\"><\/div>\n<div class=\"name-header\">\n\t<h5>Namn<\/h5>\n<\/div>\n<div class=\"name\">aiDataOptions<\/div>\n<div class=\"retention-header\">\n\t<h5>L\u00f6per ut<\/h5>\n<\/div>\n<div class=\"retention\"><\/div>\n<div class=\"function-header\">\n\t<h5>Funktion<\/h5>\n<\/div>\n<div class=\"function\"><\/div>\n<div class=\"name-header\">\n\t<h5>Namn<\/h5>\n<\/div>\n<div class=\"name\">et-editor-available-post-4808-fb<\/div>\n<div class=\"retention-header\">\n\t<h5>L\u00f6per ut<\/h5>\n<\/div>\n<div class=\"retention\"><\/div>\n<div class=\"function-header\">\n\t<h5>Funktion<\/h5>\n<\/div>\n<div class=\"function\"><\/div>\n\n<\/div>\n<\/details>\n<\/div><h2>7. Samtycke<\/h2><p>N\u00e4r du bes\u00f6ker v\u00e5r webbplats f\u00f6r f\u00f6rsta g\u00e5ngen kommer vi att visa dig ett popup-f\u00f6nster med en f\u00f6rklaring om cookies. S\u00e5 fort du klickar p\u00e5 &#8221;Spara preferenser&#8221; samtycker du till att vi anv\u00e4nder de kategorier av cookies och till\u00e4gg som du valde i popup-f\u00f6nstret, som beskrivs i denna cookiepolicy. Du kan inaktivera anv\u00e4ndningen av cookies via din webbl\u00e4sare, men observera att v\u00e5r webbplats kanske inte l\u00e4ngre fungerar korrekt.<\/p><p class=\"cmplz-subtitle\">7.1 Hantera dina samtyckesinst\u00e4llningar<\/p><div id=\"cmplz-manage-consent-container-nojavascript\">Du har laddat cookiepolicyn utan javascript-st\u00f6d.&nbsp;P\u00e5 AMP kan du anv\u00e4nda knappen Hantera samtycke l\u00e4ngst ner p\u00e5 sidan.<\/div><div id=\"cmplz-manage-consent-container\" name=\"cmplz-manage-consent-container\" class=\"cmplz-manage-consent-container\"><\/div><h2>8. Aktivera\/inaktivera och ta bort cookies<\/h2><p>Du kan anv\u00e4nda din webbl\u00e4sare f\u00f6r att automatiskt eller manuellt ta bort cookies. Du kan ocks\u00e5 ange att vissa cookies inte f\u00e5r placeras. Ett annat alternativ \u00e4r att \u00e4ndra inst\u00e4llningarna i din webbl\u00e4sare s\u00e5 att du f\u00e5r ett meddelande varje g\u00e5ng en cookie placeras. F\u00f6r mer information om dessa alternativ, se instruktionerna i hj\u00e4lpavsnittet i din webbl\u00e4sare.   <\/p><p>Observera att v\u00e5r webbplats kanske inte fungerar korrekt om alla cookies \u00e4r inaktiverade. Om du tar bort cookies i din webbl\u00e4sare kommer de att placeras igen efter ditt samtycke n\u00e4r du bes\u00f6ker v\u00e5r webbplats igen. <\/p><h2>9. Dina r\u00e4ttigheter med avseende p\u00e5 personuppgifter<\/h2><p>Du har f\u00f6ljande r\u00e4ttigheter med avseende p\u00e5 dina personuppgifter:<\/p><ul>\n                    <li>Du har r\u00e4tt att veta varf\u00f6r dina personuppgifter beh\u00f6vs, vad som kommer att h\u00e4nda med dem och hur l\u00e4nge de kommer att lagras.<\/li>\n                    <li>R\u00e4tt till tillg\u00e5ng: Du har r\u00e4tt att f\u00e5 tillg\u00e5ng till dina personuppgifter som \u00e4r k\u00e4nda f\u00f6r oss.<\/li>\n                    <li>R\u00e4tt till r\u00e4ttelse: du har r\u00e4tt att komplettera, korrigera, f\u00e5 raderade eller blockerade dina personuppgifter n\u00e4r du vill.<\/li>\n                    <li>Om du ger oss ditt samtycke till att behandla dina uppgifter har du r\u00e4tt att \u00e5terkalla det samtycket och f\u00e5 dina personuppgifter raderade.<\/li>\n                    <li>R\u00e4tt att \u00f6verf\u00f6ra dina uppgifter: du har r\u00e4tt att beg\u00e4ra alla dina personuppgifter fr\u00e5n den personuppgiftsansvarige och \u00f6verf\u00f6ra dem i sin helhet till en annan personuppgiftsansvarig.<\/li>\n                    <li>R\u00e4tt att inv\u00e4nda: du kan inv\u00e4nda mot behandlingen av dina uppgifter. Vi f\u00f6ljer detta, s\u00e5vida det inte finns ber\u00e4ttigade sk\u00e4l f\u00f6r behandling. <\/li>\n                <\/ul><p>F\u00f6r att ut\u00f6va dessa r\u00e4ttigheter, v\u00e4nligen kontakta oss. Se kontaktuppgifterna l\u00e4ngst ner i denna cookiepolicy. Om du har ett klagom\u00e5l om hur vi hanterar dina uppgifter vill vi g\u00e4rna h\u00f6ra fr\u00e5n dig, men du har ocks\u00e5 r\u00e4tt att l\u00e4mna in ett klagom\u00e5l till tillsynsmyndigheten (Datainspektionen).  <\/p><h2>10. Kontaktdetaljer<\/h2><p>F\u00f6r fr\u00e5gor och\/eller kommentarer om v\u00e5r cookiepolicy och detta uttalande, v\u00e4nligen kontakta oss genom att anv\u00e4nda f\u00f6ljande kontaktuppgifter:<\/p><p><span class=\"cmplz-contact-organisation\">Bj\u00f6rn Carlsson Development AB<\/span><br>\n                      <span class=\"cmplz-contact-address\">Torstensviksv\u00e4gen 25. 43961, Frilles\u00e5s<\/span><br>\n                      <span class=\"cmplz-contact-country\">Sverige<\/span><br>\n                    Webbplats: <span class=\"cmplz-contact-domain\"><a href=\"https:\/\/bjorncarlsson.net\/sv\/\">https:\/\/bjorncarlsson.net\/sv\/<\/a><\/span><br>\n                    E-post: <span class=\"cmplz-contact-email\"><span class=\"cmplz-obfuscate\">a&#100;min@<span class=\"cmplz-fmail-domain\">e&#120;.&#099;o&#109;<\/span>&#098;&#106;&#111;rnc&#097;&#114;&#108;&#115;so&#110;&#046;&#110;e&#116;<\/span><\/span><br>\n                    <span class=\"cmplz-contact-telephone\">Telefonnummer: +46703038330<\/span><\/p><p>Denna cookiepolicy synkroniserades med <a href=\"https:\/\/cookiedatabase.org\/\" target=\"_blank\">cookiedatabase.org<\/a> den april 14, 2026.<\/p><\/div>","protected":false},"excerpt":{"rendered":"","protected":false},"author":1,"featured_media":0,"parent":0,"menu_order":28,"comment_status":"closed","ping_status":"closed","template":"","meta":{"_et_pb_use_builder":"","_et_pb_old_content":"","_et_gb_content_width":"","_monsterinsights_skip_tracking":false,"_monsterinsights_sitenote_active":false,"_monsterinsights_sitenote_note":"","_monsterinsights_sitenote_category":0,"footnotes":""},"class_list":["post-7040","page","type-page","status-publish","hentry"],"_links":{"self":[{"href":"https:\/\/bjorncarlsson.net\/sv\/wp-json\/wp\/v2\/pages\/7040","targetHints":{"allow":["GET"]}}],"collection":[{"href":"https:\/\/bjorncarlsson.net\/sv\/wp-json\/wp\/v2\/pages"}],"about":[{"href":"https:\/\/bjorncarlsson.net\/sv\/wp-json\/wp\/v2\/types\/page"}],"author":[{"embeddable":true,"href":"https:\/\/bjorncarlsson.net\/sv\/wp-json\/wp\/v2\/users\/1"}],"replies":[{"embeddable":true,"href":"https:\/\/bjorncarlsson.net\/sv\/wp-json\/wp\/v2\/comments?post=7040"}],"version-history":[{"count":0,"href":"https:\/\/bjorncarlsson.net\/sv\/wp-json\/wp\/v2\/pages\/7040\/revisions"}],"wp:attachment":[{"href":"https:\/\/bjorncarlsson.net\/sv\/wp-json\/wp\/v2\/media?parent=7040"}],"curies":[{"name":"wp","href":"https:\/\/api.w.org\/{rel}","templated":true}]}}