{"id":7174,"date":"2025-01-21T13:01:52","date_gmt":"2025-01-21T12:01:52","guid":{"rendered":"https:\/\/bjorncarlsson.net\/om\/"},"modified":"2025-12-18T17:24:05","modified_gmt":"2025-12-18T16:24:05","slug":"om","status":"publish","type":"page","link":"https:\/\/bjorncarlsson.net\/sv\/om\/","title":{"rendered":"Om"},"content":{"rendered":"<p>[et_pb_section fb_built=&#8221;1&#8243; _builder_version=&#8221;4.27.4&#8243; _module_preset=&#8221;default&#8221; global_colors_info=&#8221;{}&#8221;][et_pb_row column_structure=&#8221;1_2,1_2&#8243; _builder_version=&#8221;4.27.4&#8243; _module_preset=&#8221;default&#8221; global_colors_info=&#8221;{}&#8221;][et_pb_column type=&#8221;1_2&#8243; _builder_version=&#8221;4.27.4&#8243; _module_preset=&#8221;default&#8221; global_colors_info=&#8221;{}&#8221;][et_pb_image src=&#8221;https:\/\/bjorncarlsson.net\/wp-content\/uploads\/2024\/10\/Uplifters-Logo-241003.png&#8221; title_text=&#8221;Uplifters logotyp 241003&#8243; align=&#8221;center&#8221; _builder_version=&#8221;4.27.4&#8243; _module_preset=&#8221;default&#8221; max_width=&#8221;50%&#8221; global_colors_info=&#8221;{}&#8221;][\/et_pb_image][et_pb_heading title=&#8221;Om Master Learners Network&#8221; _builder_version=&#8221;4.27.4&#8243; _module_preset=&#8221;default&#8221; custom_margin=&#8221;||0px|||&#8221; global_colors_info=&#8221;{}&#8221;][\/et_pb_heading][et_pb_text _builder_version=&#8221;4.27.4&#8243; _module_preset=&#8221;default&#8221; custom_padding=&#8221;||3px|||&#8221; hover_enabled=&#8221;0&#8243; global_colors_info=&#8221;{}&#8221; sticky_enabled=&#8221;0&#8243;]<\/p>\n<p>Master Learners Network \u00e4r din ink\u00f6rsport till att bem\u00e4stra den mest v\u00e4rdefulla f\u00e4rdigheten av alla \u2013 sj\u00e4lva inl\u00e4rningen. Vi tror att vem som helst kan frig\u00f6ra sin potential genom medveten uppm\u00e4rksamhet, verklighetsbaserad \u00f6vning och gl\u00e4djen i att hj\u00e4lpa andra att v\u00e4xa. Den h\u00e4r gemenskapen \u00e4r till f\u00f6r dem som \u00e4r redo att ta l\u00e4randet p\u00e5 allvar \u2013 och att leda genom l\u00e4rande.  <\/p>\n<p>[\/et_pb_text][et_pb_heading title=&#8221;Medlemskap i Master Learners Network&#8221; _builder_version=&#8221;4.27.4&#8243; _module_preset=&#8221;default&#8221; custom_margin=&#8221;||-2px|||&#8221; hover_enabled=&#8221;0&#8243; global_colors_info=&#8221;{}&#8221; sticky_enabled=&#8221;0&#8243;][\/et_pb_heading][et_pb_text _builder_version=&#8221;4.27.4&#8243; _module_preset=&#8221;default&#8221; hover_enabled=&#8221;0&#8243; global_colors_info=&#8221;{}&#8221; sticky_enabled=&#8221;0&#8243;]<\/p>\n<p data-start=\"551\" data-end=\"779\">K\u00e4rnan i n\u00e4tverket \u00e4r medlemskapet \u2013 din \u00e5tkomstpunkt till allt vi erbjuder.<br data-start=\"640\" data-end=\"643\">H\u00e4r utvecklar du din kapacitet genom praktisk tr\u00e4ning, strukturerad v\u00e4gledning och realtidsanv\u00e4ndning av tre grundl\u00e4ggande metoder:<\/p>\n<ul data-start=\"781\" data-end=\"1019\">\n<li data-start=\"781\" data-end=\"858\">\n<p data-start=\"783\" data-end=\"858\"><strong data-start=\"783\" data-end=\"806\">Bring the World In\u2122<\/strong> \u2013 l\u00e4rande genom att f\u00f6rankra kunskap i ett verkligt sammanhang<\/p>\n<\/li>\n<li data-start=\"859\" data-end=\"944\">\n<p data-start=\"861\" data-end=\"944\"><strong data-start=\"861\" data-end=\"900\">Opportunities to Experience\u2122 (OTEs)<\/strong> \u2013 f\u00f6rkroppsligat l\u00e4rande genom direkt handling<\/p>\n<\/li>\n<li data-start=\"945\" data-end=\"1019\">\n<p data-start=\"947\" data-end=\"1019\"><strong data-start=\"947\" data-end=\"970\">The Teacher\u2019s Mind\u2122<\/strong> \u2013 l\u00e4ra sig att undervisa som ett s\u00e4tt att l\u00e4ra sig p\u00e5 djupet<\/p>\n<\/li>\n<\/ul>\n<p data-start=\"1021\" data-end=\"1294\">Dessa metoder v\u00e4cks till liv genom v\u00e5r l\u00e4roplan, som bygger p\u00e5 fyra viktiga lager:<br data-start=\"1122\" data-end=\"1125\"><strong data-start=\"1125\" data-end=\"1133\">K\u00e4rna<\/strong>, <strong data-start=\"1135\" data-end=\"1152\">Kommunikation<\/strong>, <strong data-start=\"1154\" data-end=\"1171\">F\u00f6rst\u00e5else<\/strong> och <strong data-start=\"1177\" data-end=\"1188\">Kontext<\/strong>.<br data-start=\"1189\" data-end=\"1192\">De utg\u00f6r ryggraden i varje kurs och varje niv\u00e5 och ger ditt l\u00e4rande b\u00e5de djup och riktning.<\/p>\n<p data-start=\"1296\" data-end=\"1583\">Som medlem f\u00e5r du tillg\u00e5ng till alla k\u00e4rnkurser, resurser i utveckling och en v\u00e4xande m\u00e4ngd insikter \u2013 allt utformat f\u00f6r att hj\u00e4lpa dig att g\u00e5 djupare, r\u00f6ra dig snabbare och v\u00e4xa dig starkare. Oavsett om du utvecklar en ny f\u00e4rdighet, st\u00e5r inf\u00f6r en utmaning eller st\u00f6ttar n\u00e5gon annan, \u00e4r det h\u00e4r din resa b\u00f6rjar. <\/p>\n<p>[\/et_pb_text][et_pb_heading title=&#8221;Uplifter-certifieringen och niv\u00e5v\u00e4gen&#8221; _builder_version=&#8221;4.27.4&#8243; _module_preset=&#8221;default&#8221; custom_margin=&#8221;||-1px|||&#8221; hover_enabled=&#8221;0&#8243; global_colors_info=&#8221;{}&#8221; sticky_enabled=&#8221;0&#8243;][\/et_pb_heading][et_pb_text _builder_version=&#8221;4.27.4&#8243; _module_preset=&#8221;default&#8221; hover_enabled=&#8221;0&#8243; global_colors_info=&#8221;{}&#8221; sticky_enabled=&#8221;0&#8243;]<\/p>\n<p data-start=\"1632\" data-end=\"1816\">F\u00f6r dem som vill ta sitt l\u00e4rande vidare \u00e4r Uplifter-certifieringen ett system f\u00f6r erk\u00e4nnande \u2013 ett s\u00e4tt att markera verkliga framsteg och beredskap. V\u00e4gen inkluderar <strong data-start=\"1800\" data-end=\"1815\">nio niv\u00e5er<\/strong>: <\/p>\n<ul data-start=\"1818\" data-end=\"1961\">\n<li data-start=\"1818\" data-end=\"1855\">\n<p data-start=\"1820\" data-end=\"1855\"><strong data-start=\"1820\" data-end=\"1831\">Niv\u00e5 0<\/strong> (gratis f\u00f6r alla medlemmar)<\/p>\n<\/li>\n<li data-start=\"1856\" data-end=\"1893\">\n<p data-start=\"1858\" data-end=\"1893\"><strong data-start=\"1858\" data-end=\"1891\">L\u00e4rlingsniv\u00e5erna (L1\u2013L4)<\/strong><\/p>\n<\/li>\n<li data-start=\"1894\" data-end=\"1927\">\n<p data-start=\"1896\" data-end=\"1927\"><strong data-start=\"1896\" data-end=\"1925\">M\u00e4starniv\u00e5erna (M1\u2013M3)<\/strong><\/p>\n<\/li>\n<li data-start=\"1928\" data-end=\"1961\">\n<p data-start=\"1930\" data-end=\"1961\"><strong data-start=\"1930\" data-end=\"1961\">Grand Master-niv\u00e5n (GM)<\/strong><\/p>\n<\/li>\n<\/ul>\n<p data-start=\"1963\" data-end=\"2222\">Varje niv\u00e5 signalerar en djupare kapacitet \u2013 inte bara att l\u00e4ra sig, utan att st\u00f6dja, v\u00e4gleda och lyfta.<br data-start=\"2055\" data-end=\"2058\">Certifiering \u00e4r mer \u00e4n ett bevis. Det betyder n\u00e5got. Oavsett om du b\u00e4r en niv\u00e5 eller alla nio, syns det i hur du l\u00e4r dig \u2013 och i hur andra v\u00e4xer runt dig.  <\/p>\n<p>[\/et_pb_text][\/et_pb_column][et_pb_column type=&#8221;1_2&#8243; _builder_version=&#8221;4.27.4&#8243; _module_preset=&#8221;default&#8221; global_colors_info=&#8221;{}&#8221;][et_pb_heading title=&#8221;Om Bj\u00f6rn&#8221; _builder_version=&#8221;4.27.4&#8243; _module_preset=&#8221;default&#8221; custom_margin=&#8221;||0px|||&#8221; global_colors_info=&#8221;{}&#8221;][\/et_pb_heading][et_pb_text _builder_version=&#8221;4.27.4&#8243; _module_preset=&#8221;default&#8221; hover_enabled=&#8221;0&#8243; global_colors_info=&#8221;{}&#8221; sticky_enabled=&#8221;0&#8243;]<\/p>\n<p data-start=\"124\" data-end=\"603\">Bj\u00f6rn Carlsson \u00e4r en exceptionellt erfaren ledare, utbildare och l\u00e4rande arkitekt med mer \u00e4n 30 \u00e5rs internationellt arbete inom olika branscher \u2013 inklusive flyg, fordon, livsmedelsf\u00f6rs\u00f6rjning, biovetenskap, IT, utveckling av den offentliga sektorn och, framf\u00f6r allt, utbildning. Hans arbete sp\u00e4nner \u00f6ver kulturer, discipliner och system, alltid med ett tydligt fokus: att hj\u00e4lpa m\u00e4nniskor att v\u00e4xa genom att integrera l\u00e4rande i det dagliga och professionella livet \u2013 vilket g\u00f6r det snabbare, b\u00e4ttre och roligare. <\/p>\n<p data-start=\"605\" data-end=\"843\">Ut\u00f6ver sitt arbete inom utbildning och ledarskap \u00e4r Bj\u00f6rn \u00e4ven komposit\u00f6r, bildkonstn\u00e4r och publicerad f\u00f6rfattare. Han tillf\u00f6r ett unikt kreativt perspektiv till l\u00e4randedesign, och blandar struktur med fantasi och klarhet med r\u00f6relse. <\/p>\n<p data-start=\"845\" data-end=\"1201\">Bj\u00f6rn har arbetat mycket \u00f6ver kulturer, yrken och l\u00e4randetraditioner. Hans erfarenhet sp\u00e4nner \u00f6ver verklig komplexitet \u2013 \u00f6ver branscher, nationella gr\u00e4nser och s\u00e4tt att t\u00e4nka \u2013 alltid med fokus p\u00e5 att g\u00f6ra l\u00e4randet konkret, relevant och varaktigt, och grundat i kulturell f\u00f6rst\u00e5else och interkulturell respekt. <\/p>\n<p data-start=\"1203\" data-end=\"1425\">Genom sina k\u00e4rnmetoder \u2013 Bring the World In\u2122, Opportunities to Experience\u2122, The Teacher\u2019s Mind\u2122 och Bj\u00f6rn Carlsson Four-Layer Curriculum \u2013 erbjuder han ett strukturerat och varaktigt s\u00e4tt att n\u00e4rma sig l\u00e4rande och utveckling.<\/p>\n<p>[\/et_pb_text][et_pb_image src=&#8221;https:\/\/bjorncarlsson.net\/wp-content\/uploads\/2024\/10\/Bjorn_SM-1.jpg&#8221; title_text=&#8221;Bj\u00f6rn Carlsson&#8221; align=&#8221;center&#8221; _builder_version=&#8221;4.27.4&#8243; _module_preset=&#8221;default&#8221; width=&#8221;100%&#8221; global_colors_info=&#8221;{}&#8221;][\/et_pb_image][\/et_pb_column][\/et_pb_row][\/et_pb_section]<\/p>\n","protected":false},"excerpt":{"rendered":"<p>Master Learners Network \u00e4r din ink\u00f6rsport till att bem\u00e4stra den mest v\u00e4rdefulla f\u00e4rdigheten av alla \u2013 sj\u00e4lva inl\u00e4rningen. Vi tror att vem som helst kan frig\u00f6ra sin potential genom medveten uppm\u00e4rksamhet, verklighetsbaserad \u00f6vning och gl\u00e4djen i att hj\u00e4lpa andra att v\u00e4xa. Den h\u00e4r gemenskapen \u00e4r till f\u00f6r dem som \u00e4r redo att ta l\u00e4randet p\u00e5 [&hellip;]<\/p>\n","protected":false},"author":1,"featured_media":0,"parent":0,"menu_order":15,"comment_status":"closed","ping_status":"closed","template":"","meta":{"_et_pb_use_builder":"on","_et_pb_old_content":"","_et_gb_content_width":"","_monsterinsights_skip_tracking":false,"_monsterinsights_sitenote_active":false,"_monsterinsights_sitenote_note":"","_monsterinsights_sitenote_category":0,"footnotes":""},"class_list":["post-7174","page","type-page","status-publish","hentry"],"_links":{"self":[{"href":"https:\/\/bjorncarlsson.net\/sv\/wp-json\/wp\/v2\/pages\/7174","targetHints":{"allow":["GET"]}}],"collection":[{"href":"https:\/\/bjorncarlsson.net\/sv\/wp-json\/wp\/v2\/pages"}],"about":[{"href":"https:\/\/bjorncarlsson.net\/sv\/wp-json\/wp\/v2\/types\/page"}],"author":[{"embeddable":true,"href":"https:\/\/bjorncarlsson.net\/sv\/wp-json\/wp\/v2\/users\/1"}],"replies":[{"embeddable":true,"href":"https:\/\/bjorncarlsson.net\/sv\/wp-json\/wp\/v2\/comments?post=7174"}],"version-history":[{"count":2,"href":"https:\/\/bjorncarlsson.net\/sv\/wp-json\/wp\/v2\/pages\/7174\/revisions"}],"predecessor-version":[{"id":7176,"href":"https:\/\/bjorncarlsson.net\/sv\/wp-json\/wp\/v2\/pages\/7174\/revisions\/7176"}],"wp:attachment":[{"href":"https:\/\/bjorncarlsson.net\/sv\/wp-json\/wp\/v2\/media?parent=7174"}],"curies":[{"name":"wp","href":"https:\/\/api.w.org\/{rel}","templated":true}]}}